{"id":8122,"date":"2020-03-12T09:52:41","date_gmt":"2020-03-12T14:52:41","guid":{"rendered":"http:\/\/toitureseverest.ca\/contactez-nous\/"},"modified":"2023-04-14T10:21:35","modified_gmt":"2023-04-14T15:21:35","slug":"contact-us","status":"publish","type":"page","link":"https:\/\/toitureseverest.ca\/en\/contact-us\/","title":{"rendered":"Contact us"},"content":{"rendered":"<div class=\"wpb-content-wrapper\">[mk_page_section bg_image=&#8221;http:\/\/toitureseverest.ca\/wp-content\/uploads\/accueil-toitures-everest-crop-opt.jpg&#8221; bg_position=&#8221;center center&#8221; bg_repeat=&#8221;no-repeat&#8221; bg_stretch=&#8221;true&#8221; enable_3d=&#8221;true&#8221; video_opacity=&#8221;0&#8243; min_height=&#8221;580&#8243; js_vertical_centered=&#8221;true&#8221; sidebar=&#8221;sidebar-1&#8243;][vc_column width=&#8221;1\/6&#8243;][\/vc_column][vc_column width=&#8221;2\/3&#8243;][mk_padding_divider size=&#8221;80&#8243;][mk_fancy_title tag_name=&#8221;h1&#8243; color=&#8221;#ffffff&#8221; size=&#8221;44&#8243; force_font_size=&#8221;true&#8221; size_tablet=&#8221;36&#8243; size_phone=&#8221;30&#8243; font_weight=&#8221;bold&#8221; margin_bottom=&#8221;0&#8243; font_family=&#8221;none&#8221; align=&#8221;center&#8221; drop_shadow=&#8221;true&#8221; shadow_angle=&#8221;0&#8243; shadow_distance=&#8221;0&#8243;]Toitures Everest: Your Trusted Roofer in Mont\u00e9r\u00e9gie![\/mk_fancy_title][\/vc_column][vc_column width=&#8221;1\/6&#8243;][\/vc_column][\/mk_page_section][vc_row][vc_column][mk_padding_divider size=&#8221;60&#8243; visibility=&#8221;visible-sm&#8221;][mk_padding_divider size=&#8221;150&#8243; visibility=&#8221;hidden-sm&#8221;][mk_fancy_title color=&#8221;#ffffff&#8221; size=&#8221;44&#8243; force_font_size=&#8221;true&#8221; size_phone=&#8221;30&#8243; margin_bottom=&#8221;0&#8243; font_family=&#8221;none&#8221; align=&#8221;center&#8221;]To join us[\/mk_fancy_title][mk_padding_divider size=&#8221;60&#8243;][vc_row_inner][vc_column_inner width=&#8221;1\/4&#8243;][mk_icon_box2 icon_size=&#8221;64&#8243; icon=&#8221;mk-icon-map-marker&#8221; icon_color=&#8221;#3a74b9&#8243; title=&#8221;Adress&#8221; title_color=&#8221;#ffffff&#8221; description_color=&#8221;#ffffff&#8221;]18, rue Legault<br \/>\nMercier, QC, J6R 1R5[\/mk_icon_box2][\/vc_column_inner][vc_column_inner width=&#8221;1\/4&#8243;][mk_icon_box2 icon_size=&#8221;64&#8243; icon=&#8221;mk-icon-phone&#8221; icon_color=&#8221;#3a74b9&#8243; title=&#8221;Phone&#8221; title_color=&#8221;#ffffff&#8221; description_color=&#8221;#ffffff&#8221;]<a href=\"tel:+14506990104\">450\u2011699\u20110104<\/a><br \/>\n<a href=\"tel:+15142096272\">514-209-6272<\/a>[\/mk_icon_box2][\/vc_column_inner][vc_column_inner width=&#8221;1\/4&#8243;][mk_icon_box2 icon_size=&#8221;64&#8243; icon=&#8221;mk-icon-fax&#8221; icon_color=&#8221;#3a74b9&#8243; title=&#8221;Fax&#8221; title_color=&#8221;#ffffff&#8221; description_color=&#8221;#ffffff&#8221;]<a href=\"tel:+14506990104\">450-699-0104<\/a>[\/mk_icon_box2][\/vc_column_inner][vc_column_inner width=&#8221;1\/4&#8243;][mk_icon_box2 icon_size=&#8221;64&#8243; icon=&#8221;mk-jupiter-icon-facebook&#8221; icon_color=&#8221;#3a74b9&#8243; title=&#8221;Facebook&#8221; title_color=&#8221;#ffffff&#8221; description_color=&#8221;#ffffff&#8221;]<a href=\"https:\/\/www.facebook.com\/toitureseverest\" target=\"_blank\" rel=\"noopener\">https:\/\/www.facebook.com\/toitureseverest<\/a>[\/mk_icon_box2][\/vc_column_inner][\/vc_row_inner][mk_padding_divider size=&#8221;150&#8243; visibility=&#8221;hidden-sm&#8221;][mk_padding_divider size=&#8221;60&#8243; visibility=&#8221;visible-sm&#8221;][\/vc_column][\/vc_row][mk_page_section bg_color=&#8221;#3a74b9&#8243; has_top_shape_divider=&#8221;true&#8221; top_shape_color=&#8221;#000000&#8243; top_shape_bg_color=&#8221;#3a74b9&#8243; has_bottom_shape_divider=&#8221;true&#8221; bottom_shape_color=&#8221;#000000&#8243; bottom_shape_bg_color=&#8221;#3a74b9&#8243; sidebar=&#8221;sidebar-1&#8243;][vc_column][mk_padding_divider size=&#8221;150&#8243; visibility=&#8221;hidden-sm&#8221;][mk_padding_divider size=&#8221;60&#8243; visibility=&#8221;visible-sm&#8221;][mk_fancy_title color=&#8221;#ffffff&#8221; size=&#8221;44&#8243; force_font_size=&#8221;true&#8221; size_phone=&#8221;30&#8243; margin_bottom=&#8221;0&#8243; font_family=&#8221;none&#8221; align=&#8221;center&#8221;]Your Roof, Our Priority[\/mk_fancy_title][mk_padding_divider size=&#8221;30&#8243;][vc_row_inner][vc_column_inner width=&#8221;1\/6&#8243;][\/vc_column_inner][vc_column_inner width=&#8221;2\/3&#8243;][vc_column_text align=&#8221;center&#8221; css=&#8221;.vc_custom_1585152560555{margin-bottom: 0px !important;}&#8221;]Do you want to redo your roof, or have repairs? Trust Toitures Everest for quality results and finishing that meet your expectations.<\/p>\n<p>If you have questions, or would like a free estimate, just give us a call, or fill in the following form. We will be happy to get back to you as soon as possible![\/vc_column_text][mk_padding_divider size=&#8221;30&#8243;][mk_button dimension=&#8221;flat&#8221; size=&#8221;large&#8221; url=&#8221;tel:+14506990104&#8243; align=&#8221;center&#8221; bg_color=&#8221;#000000&#8243; btn_hover_bg=&#8221;#ffffff&#8221; btn_hover_txt_color=&#8221;#000000&#8243;]Call us[\/mk_button][mk_padding_divider size=&#8221;30&#8243;][\/vc_column_inner][vc_column_inner width=&#8221;1\/6&#8243;][\/vc_column_inner][\/vc_row_inner][mk_padding_divider size=&#8221;60&#8243;][mk_fancy_title color=&#8221;#ffffff&#8221; size=&#8221;44&#8243; force_font_size=&#8221;true&#8221; size_phone=&#8221;30&#8243; margin_bottom=&#8221;0&#8243; font_family=&#8221;none&#8221; align=&#8221;center&#8221;]Contact us[\/mk_fancy_title][mk_padding_divider size=&#8221;30&#8243;]\n<div class=\"wpcf7 no-js\" id=\"wpcf7-f8120-o1\" lang=\"fr-CA\" dir=\"ltr\" data-wpcf7-id=\"8120\">\n<div class=\"screen-reader-response\"><p role=\"status\" aria-live=\"polite\" aria-atomic=\"true\"><\/p> <ul><\/ul><\/div>\n<form action=\"\/en\/wp-json\/wp\/v2\/pages\/8122#wpcf7-f8120-o1\" method=\"post\" class=\"wpcf7-form init\" aria-label=\"Contact form\" novalidate=\"novalidate\" data-status=\"init\">\n<fieldset class=\"hidden-fields-container\"><input type=\"hidden\" name=\"_wpcf7\" value=\"8120\" \/><input type=\"hidden\" name=\"_wpcf7_version\" value=\"6.1.5\" \/><input type=\"hidden\" name=\"_wpcf7_locale\" value=\"fr_CA\" \/><input type=\"hidden\" name=\"_wpcf7_unit_tag\" value=\"wpcf7-f8120-o1\" \/><input type=\"hidden\" name=\"_wpcf7_container_post\" value=\"0\" \/><input type=\"hidden\" name=\"_wpcf7_posted_data_hash\" value=\"\" \/><input type=\"hidden\" name=\"_wpcf7_recaptcha_response\" value=\"\" \/>\n<\/fieldset>\n<p><span class=\"wpcf7-form-control-wrap\" data-name=\"your-name\"><input size=\"40\" maxlength=\"400\" class=\"wpcf7-form-control wpcf7-text wpcf7-validates-as-required\" aria-required=\"true\" aria-invalid=\"false\" placeholder=\"First and last name*\" value=\"\" type=\"text\" name=\"your-name\" \/><\/span><span class=\"wpcf7-form-control-wrap\" data-name=\"your-tel\"><input size=\"40\" maxlength=\"400\" class=\"wpcf7-form-control wpcf7-tel wpcf7-validates-as-required wpcf7-text wpcf7-validates-as-tel\" aria-required=\"true\" aria-invalid=\"false\" placeholder=\"Phone*\" value=\"\" type=\"tel\" name=\"your-tel\" \/><\/span><span class=\"wpcf7-form-control-wrap\" data-name=\"your-email\"><input size=\"40\" maxlength=\"400\" class=\"wpcf7-form-control wpcf7-email wpcf7-validates-as-required wpcf7-text wpcf7-validates-as-email\" aria-required=\"true\" aria-invalid=\"false\" placeholder=\"Email*\" value=\"\" type=\"email\" name=\"your-email\" \/><\/span><br \/>\n<span class=\"wpcf7-form-control-wrap\" data-name=\"your-message\"><textarea cols=\"40\" rows=\"10\" maxlength=\"2000\" class=\"wpcf7-form-control wpcf7-textarea\" aria-invalid=\"false\" placeholder=\"Message*\" name=\"your-message\"><\/textarea><\/span><br \/>\n<input class=\"wpcf7-form-control wpcf7-submit has-spinner\" type=\"submit\" value=\"Send\" \/><br \/>\n<script>\ndocument.addEventListener( 'wpcf7mailsent', function( event ) {\n location = 'https:\/\/www.toitureseverest.ca\/en\/thank-you\/';\n}, false );\n<\/script>\n<\/p><div class=\"wpcf7-response-output\" aria-hidden=\"true\"><\/div>\n<\/form>\n<\/div>\n[mk_padding_divider size=&#8221;150&#8243; visibility=&#8221;hidden-sm&#8221;][\/vc_column][\/mk_page_section][vc_row][vc_column][mk_padding_divider size=&#8221;60&#8243; visibility=&#8221;visible-sm&#8221;][mk_padding_divider size=&#8221;150&#8243; visibility=&#8221;hidden-sm&#8221;][vc_row_inner][vc_column_inner width=&#8221;1\/2&#8243;][mk_fancy_title color=&#8221;#ffffff&#8221; size=&#8221;44&#8243; force_font_size=&#8221;true&#8221; size_phone=&#8221;30&#8243; margin_bottom=&#8221;0&#8243; font_family=&#8221;none&#8221;]Contact us for free quote![\/mk_fancy_title][mk_button dimension=&#8221;flat&#8221; size=&#8221;large&#8221; url=&#8221;tel:+14506990104&#8243; btn_hover_bg=&#8221;#585861&#8243; btn_hover_txt_color=&#8221;#ffffff&#8221;]450\u2011699\u20110104[\/mk_button][\/vc_column_inner][vc_column_inner width=&#8221;1\/2&#8243;][mk_custom_list]\n<ul>\n<li>Renovation, repair and installation for all roof types<\/li>\n<li>Inspection and diagnosis : preparation, frame and roof repair, ventilation and infiltration inspections\u2026<\/li>\n<li>Alterations\/adjustments : soffits, roof ventilators, tinsmithing and structural modifications.<\/li>\n<li>Roof covering : asphalt, steel, elastomeric membrane \u2026<\/li>\n<li>Ask for technical advice.<\/li>\n<li>Maintenance and snow removal: hire professionals to do it safely for you.<\/li>\n<\/ul>\n[\/mk_custom_list][\/vc_column_inner][\/vc_row_inner][mk_padding_divider size=&#8221;150&#8243; visibility=&#8221;hidden-sm&#8221;][mk_padding_divider size=&#8221;60&#8243; visibility=&#8221;visible-sm&#8221;][\/vc_column][\/vc_row][vc_row fullwidth=&#8221;true&#8221;][vc_column][mk_divider style=&#8221;thin_solid&#8221; thin_single_color=&#8221;#3a74b9&#8243; thickness=&#8221;5&#8243; margin_top=&#8221;0&#8243; margin_bottom=&#8221;0&#8243;][\/vc_column][\/vc_row]\n<\/div>","protected":false},"excerpt":{"rendered":"<p>[mk_page_section bg_image=&#8221;http:\/\/toitureseverest.ca\/wp-content\/uploads\/accueil-toitures-everest-crop-opt.jpg&#8221; bg_position=&#8221;center center&#8221; bg_repeat=&#8221;no-repeat&#8221; bg_stretch=&#8221;true&#8221; enable_3d=&#8221;true&#8221; video_opacity=&#8221;0&#8243; min_height=&#8221;580&#8243; js_vertical_centered=&#8221;true&#8221; sidebar=&#8221;sidebar-1&#8243;][vc_column width=&#8221;1\/6&#8243;][\/vc_column][vc_column width=&#8221;2\/3&#8243;][mk_padding_divider size=&#8221;80&#8243;][mk_fancy_title tag_name=&#8221;h1&#8243; color=&#8221;#ffffff&#8221; size=&#8221;44&#8243; force_font_size=&#8221;true&#8221; size_tablet=&#8221;36&#8243; size_phone=&#8221;30&#8243; font_weight=&#8221;bold&#8221; margin_bottom=&#8221;0&#8243; font_family=&#8221;none&#8221; align=&#8221;center&#8221; drop_shadow=&#8221;true&#8221; shadow_angle=&#8221;0&#8243; shadow_distance=&#8221;0&#8243;]Toitures Everest: Your Trusted Roofer in Mont\u00e9r\u00e9gie![\/mk_fancy_title][\/vc_column][vc_column width=&#8221;1\/6&#8243;][\/vc_column][\/mk_page_section][vc_row][vc_column][mk_padding_divider size=&#8221;60&#8243; visibility=&#8221;visible-sm&#8221;][mk_padding_divider size=&#8221;150&#8243; visibility=&#8221;hidden-sm&#8221;][mk_fancy_title color=&#8221;#ffffff&#8221; size=&#8221;44&#8243; force_font_size=&#8221;true&#8221; size_phone=&#8221;30&#8243; margin_bottom=&#8221;0&#8243; font_family=&#8221;none&#8221; align=&#8221;center&#8221;]To join us[\/mk_fancy_title][mk_padding_divider size=&#8221;60&#8243;][vc_row_inner][vc_column_inner width=&#8221;1\/4&#8243;][mk_icon_box2 icon_size=&#8221;64&#8243; icon=&#8221;mk-icon-map-marker&#8221; icon_color=&#8221;#3a74b9&#8243; title=&#8221;Adress&#8221; title_color=&#8221;#ffffff&#8221; description_color=&#8221;#ffffff&#8221;]18, [&hellip;]<\/p>\n","protected":false},"author":2,"featured_media":0,"parent":0,"menu_order":0,"comment_status":"closed","ping_status":"closed","template":"","meta":{"footnotes":""},"class_list":["post-8122","page","type-page","status-publish","hentry"],"yoast_head":"<!-- This site is optimized with the Yoast SEO plugin v27.4 - https:\/\/yoast.com\/product\/yoast-seo-wordpress\/ -->\n<title>Toitures Everest | Mercier Mont\u00e9r\u00e9gie South Shore | Contact Us<\/title>\n<meta name=\"description\" content=\"Toitures Everest serves the South Shore of Montreal, including Ch\u00e2teauguay, Saint-Constant and Brossard. Read about our services!\" \/>\n<meta name=\"robots\" content=\"index, follow, max-snippet:-1, max-image-preview:large, max-video-preview:-1\" \/>\n<link rel=\"canonical\" href=\"https:\/\/toitureseverest.ca\/en\/contact-us\/\" \/>\n<meta property=\"og:locale\" content=\"en_US\" \/>\n<meta property=\"og:type\" content=\"article\" \/>\n<meta property=\"og:title\" content=\"Toitures Everest | Mercier Mont\u00e9r\u00e9gie South Shore | Contact Us\" \/>\n<meta property=\"og:description\" content=\"Toitures Everest serves the South Shore of Montreal, including Ch\u00e2teauguay, Saint-Constant and Brossard. Read about our services!\" \/>\n<meta property=\"og:url\" content=\"https:\/\/toitureseverest.ca\/en\/contact-us\/\" \/>\n<meta property=\"og:site_name\" content=\"Toitures Everest\" \/>\n<meta property=\"article:modified_time\" content=\"2023-04-14T15:21:35+00:00\" \/>\n<meta name=\"twitter:card\" content=\"summary_large_image\" \/>\n<meta name=\"twitter:label1\" content=\"Est. reading time\" \/>\n\t<meta name=\"twitter:data1\" content=\"2 minutes\" \/>\n<script type=\"application\/ld+json\" class=\"yoast-schema-graph\">{\"@context\":\"https:\\\/\\\/schema.org\",\"@graph\":[{\"@type\":\"WebPage\",\"@id\":\"https:\\\/\\\/toitureseverest.ca\\\/en\\\/contact-us\\\/\",\"url\":\"https:\\\/\\\/toitureseverest.ca\\\/en\\\/contact-us\\\/\",\"name\":\"Toitures Everest | Mercier Mont\u00e9r\u00e9gie South Shore | Contact Us\",\"isPartOf\":{\"@id\":\"https:\\\/\\\/toitureseverest.ca\\\/#website\"},\"datePublished\":\"2020-03-12T14:52:41+00:00\",\"dateModified\":\"2023-04-14T15:21:35+00:00\",\"description\":\"Toitures Everest serves the South Shore of Montreal, including Ch\u00e2teauguay, Saint-Constant and Brossard. Read about our services!\",\"breadcrumb\":{\"@id\":\"https:\\\/\\\/toitureseverest.ca\\\/en\\\/contact-us\\\/#breadcrumb\"},\"inLanguage\":\"en-CA\",\"potentialAction\":[{\"@type\":\"ReadAction\",\"target\":[\"https:\\\/\\\/toitureseverest.ca\\\/en\\\/contact-us\\\/\"]}]},{\"@type\":\"BreadcrumbList\",\"@id\":\"https:\\\/\\\/toitureseverest.ca\\\/en\\\/contact-us\\\/#breadcrumb\",\"itemListElement\":[{\"@type\":\"ListItem\",\"position\":1,\"name\":\"Home\",\"item\":\"https:\\\/\\\/toitureseverest.ca\\\/en\\\/\"},{\"@type\":\"ListItem\",\"position\":2,\"name\":\"Contact us\"}]},{\"@type\":\"WebSite\",\"@id\":\"https:\\\/\\\/toitureseverest.ca\\\/#website\",\"url\":\"https:\\\/\\\/toitureseverest.ca\\\/\",\"name\":\"Toitures Everest\",\"description\":\"\",\"potentialAction\":[{\"@type\":\"SearchAction\",\"target\":{\"@type\":\"EntryPoint\",\"urlTemplate\":\"https:\\\/\\\/toitureseverest.ca\\\/?s={search_term_string}\"},\"query-input\":{\"@type\":\"PropertyValueSpecification\",\"valueRequired\":true,\"valueName\":\"search_term_string\"}}],\"inLanguage\":\"en-CA\"}]}<\/script>\n<!-- \/ Yoast SEO plugin. -->","yoast_head_json":{"title":"Toitures Everest | Mercier Mont\u00e9r\u00e9gie South Shore | Contact Us","description":"Toitures Everest serves the South Shore of Montreal, including Ch\u00e2teauguay, Saint-Constant and Brossard. Read about our services!","robots":{"index":"index","follow":"follow","max-snippet":"max-snippet:-1","max-image-preview":"max-image-preview:large","max-video-preview":"max-video-preview:-1"},"canonical":"https:\/\/toitureseverest.ca\/en\/contact-us\/","og_locale":"en_US","og_type":"article","og_title":"Toitures Everest | Mercier Mont\u00e9r\u00e9gie South Shore | Contact Us","og_description":"Toitures Everest serves the South Shore of Montreal, including Ch\u00e2teauguay, Saint-Constant and Brossard. Read about our services!","og_url":"https:\/\/toitureseverest.ca\/en\/contact-us\/","og_site_name":"Toitures Everest","article_modified_time":"2023-04-14T15:21:35+00:00","twitter_card":"summary_large_image","twitter_misc":{"Est. reading time":"2 minutes"},"schema":{"@context":"https:\/\/schema.org","@graph":[{"@type":"WebPage","@id":"https:\/\/toitureseverest.ca\/en\/contact-us\/","url":"https:\/\/toitureseverest.ca\/en\/contact-us\/","name":"Toitures Everest | Mercier Mont\u00e9r\u00e9gie South Shore | Contact Us","isPartOf":{"@id":"https:\/\/toitureseverest.ca\/#website"},"datePublished":"2020-03-12T14:52:41+00:00","dateModified":"2023-04-14T15:21:35+00:00","description":"Toitures Everest serves the South Shore of Montreal, including Ch\u00e2teauguay, Saint-Constant and Brossard. Read about our services!","breadcrumb":{"@id":"https:\/\/toitureseverest.ca\/en\/contact-us\/#breadcrumb"},"inLanguage":"en-CA","potentialAction":[{"@type":"ReadAction","target":["https:\/\/toitureseverest.ca\/en\/contact-us\/"]}]},{"@type":"BreadcrumbList","@id":"https:\/\/toitureseverest.ca\/en\/contact-us\/#breadcrumb","itemListElement":[{"@type":"ListItem","position":1,"name":"Home","item":"https:\/\/toitureseverest.ca\/en\/"},{"@type":"ListItem","position":2,"name":"Contact us"}]},{"@type":"WebSite","@id":"https:\/\/toitureseverest.ca\/#website","url":"https:\/\/toitureseverest.ca\/","name":"Toitures Everest","description":"","potentialAction":[{"@type":"SearchAction","target":{"@type":"EntryPoint","urlTemplate":"https:\/\/toitureseverest.ca\/?s={search_term_string}"},"query-input":{"@type":"PropertyValueSpecification","valueRequired":true,"valueName":"search_term_string"}}],"inLanguage":"en-CA"}]}},"_links":{"self":[{"href":"https:\/\/toitureseverest.ca\/en\/wp-json\/wp\/v2\/pages\/8122","targetHints":{"allow":["GET"]}}],"collection":[{"href":"https:\/\/toitureseverest.ca\/en\/wp-json\/wp\/v2\/pages"}],"about":[{"href":"https:\/\/toitureseverest.ca\/en\/wp-json\/wp\/v2\/types\/page"}],"author":[{"embeddable":true,"href":"https:\/\/toitureseverest.ca\/en\/wp-json\/wp\/v2\/users\/2"}],"replies":[{"embeddable":true,"href":"https:\/\/toitureseverest.ca\/en\/wp-json\/wp\/v2\/comments?post=8122"}],"version-history":[{"count":5,"href":"https:\/\/toitureseverest.ca\/en\/wp-json\/wp\/v2\/pages\/8122\/revisions"}],"predecessor-version":[{"id":8687,"href":"https:\/\/toitureseverest.ca\/en\/wp-json\/wp\/v2\/pages\/8122\/revisions\/8687"}],"wp:attachment":[{"href":"https:\/\/toitureseverest.ca\/en\/wp-json\/wp\/v2\/media?parent=8122"}],"curies":[{"name":"wp","href":"https:\/\/api.w.org\/{rel}","templated":true}]}}