{"id":8128,"date":"2020-03-12T08:42:54","date_gmt":"2020-03-12T13:42:54","guid":{"rendered":"http:\/\/toitureseverest.ca\/travaux-de-revetement\/"},"modified":"2023-04-24T09:49:21","modified_gmt":"2023-04-24T14:49:21","slug":"siding-work","status":"publish","type":"page","link":"https:\/\/toitureseverest.ca\/en\/siding-work\/","title":{"rendered":"Siding Work"},"content":{"rendered":"<div class=\"wpb-content-wrapper\">[mk_page_section bg_image=&#8221;http:\/\/toitureseverest.ca\/wp-content\/uploads\/travaux-de-revetement-min-scaled.jpg&#8221; bg_position=&#8221;center center&#8221; bg_repeat=&#8221;no-repeat&#8221; bg_stretch=&#8221;true&#8221; enable_3d=&#8221;true&#8221; video_opacity=&#8221;0&#8243; min_height=&#8221;580&#8243; js_vertical_centered=&#8221;true&#8221; sidebar=&#8221;sidebar-1&#8243;][vc_column width=&#8221;1\/2&#8243;][mk_padding_divider size=&#8221;250&#8243;][mk_fancy_title tag_name=&#8221;h1&#8243; color=&#8221;#ffffff&#8221; size=&#8221;44&#8243; force_font_size=&#8221;true&#8221; size_tablet=&#8221;36&#8243; size_phone=&#8221;30&#8243; font_weight=&#8221;bold&#8221; margin_bottom=&#8221;0&#8243; font_family=&#8221;none&#8221; drop_shadow=&#8221;true&#8221; shadow_angle=&#8221;0&#8243; shadow_distance=&#8221;0&#8243;]Siding Work of Any Kind near Ch\u00e2teauguay[\/mk_fancy_title][\/vc_column][vc_column width=&#8221;1\/6&#8243;][\/vc_column][vc_column width=&#8221;1\/3&#8243;][mk_padding_divider size=&#8221;30&#8243; visibility=&#8221;visible-sm&#8221;][mk_padding_divider size=&#8221;220&#8243; visibility=&#8221;hidden-sm&#8221;]\n<div class=\"wpcf7 no-js\" id=\"wpcf7-f8698-o1\" lang=\"fr-CA\" dir=\"ltr\" data-wpcf7-id=\"8698\">\n<div class=\"screen-reader-response\"><p role=\"status\" aria-live=\"polite\" aria-atomic=\"true\"><\/p> <ul><\/ul><\/div>\n<form action=\"\/en\/wp-json\/wp\/v2\/pages\/8128#wpcf7-f8698-o1\" method=\"post\" class=\"wpcf7-form init\" aria-label=\"Contact form\" novalidate=\"novalidate\" data-status=\"init\">\n<fieldset class=\"hidden-fields-container\"><input type=\"hidden\" name=\"_wpcf7\" value=\"8698\" \/><input type=\"hidden\" name=\"_wpcf7_version\" value=\"6.1.5\" \/><input type=\"hidden\" name=\"_wpcf7_locale\" value=\"fr_CA\" \/><input type=\"hidden\" name=\"_wpcf7_unit_tag\" value=\"wpcf7-f8698-o1\" \/><input type=\"hidden\" name=\"_wpcf7_container_post\" value=\"0\" \/><input type=\"hidden\" name=\"_wpcf7_posted_data_hash\" value=\"\" \/><input type=\"hidden\" name=\"_wpcf7_recaptcha_response\" value=\"\" \/>\n<\/fieldset>\n<div class=\"bjm-soumission-form\">\n\t<h3>Request a quote for your roof\n\t<\/h3>\n\t<p><span class=\"wpcf7-form-control-wrap\" data-name=\"your-name\"><input size=\"40\" maxlength=\"400\" class=\"wpcf7-form-control wpcf7-text wpcf7-validates-as-required\" aria-required=\"true\" aria-invalid=\"false\" placeholder=\"Full name*\" value=\"\" type=\"text\" name=\"your-name\" \/><\/span><br \/>\n<span class=\"wpcf7-form-control-wrap\" data-name=\"your-tel\"><input size=\"40\" maxlength=\"400\" class=\"wpcf7-form-control wpcf7-tel wpcf7-validates-as-required wpcf7-text wpcf7-validates-as-tel\" aria-required=\"true\" aria-invalid=\"false\" placeholder=\"Phone*\" value=\"\" type=\"tel\" name=\"your-tel\" \/><\/span><br \/>\n<span class=\"wpcf7-form-control-wrap\" data-name=\"your-email\"><input size=\"40\" maxlength=\"400\" class=\"wpcf7-form-control wpcf7-email wpcf7-validates-as-required wpcf7-text wpcf7-validates-as-email\" aria-required=\"true\" aria-invalid=\"false\" placeholder=\"Email*\" value=\"\" type=\"email\" name=\"your-email\" \/><\/span><br \/>\n<span class=\"wpcf7-form-control-wrap\" data-name=\"your-ville\"><input size=\"40\" maxlength=\"400\" class=\"wpcf7-form-control wpcf7-text\" aria-invalid=\"false\" placeholder=\"City\" value=\"\" type=\"text\" name=\"your-ville\" \/><\/span><br \/>\n<input class=\"wpcf7-form-control wpcf7-submit has-spinner\" type=\"submit\" value=\"Send\" \/>\n\t<\/p>\n<\/div>\n<p><script>\ndocument.addEventListener( 'wpcf7mailsent', function( event ) {\n location = 'https:\/\/www.toitureseverest.ca\/en\/thank-you\/';\n}, false );\n<\/script>\n<\/p><div class=\"wpcf7-response-output\" aria-hidden=\"true\"><\/div>\n<\/form>\n<\/div>\n[\/vc_column][\/mk_page_section][vc_row][vc_column][mk_padding_divider size=&#8221;60&#8243; visibility=&#8221;visible-sm&#8221;][mk_padding_divider size=&#8221;150&#8243; visibility=&#8221;hidden-sm&#8221;][mk_fancy_title color=&#8221;#ffffff&#8221; size=&#8221;44&#8243; force_font_size=&#8221;true&#8221; size_phone=&#8221;30&#8243; margin_bottom=&#8221;0&#8243; font_family=&#8221;none&#8221; align=&#8221;center&#8221;]A Well-Maintained Roof, from the Cornices to the Attic[\/mk_fancy_title][mk_padding_divider size=&#8221;60&#8243;][vc_row_inner][vc_column_inner width=&#8221;1\/2&#8243;][vc_single_image image=&#8221;7938&#8243; img_size=&#8221;720&#215;420&#8243; alignment=&#8221;center&#8221;][\/vc_column_inner][vc_column_inner width=&#8221;1\/2&#8243;][mk_padding_divider visibility=&#8221;hidden-sm&#8221;][vc_column_text disable_pattern=&#8221;false&#8221; css=&#8221;.vc_custom_1585151897615{margin-bottom: 0px !important;}&#8221;]For all your siding work in the Mercier area, call Toitures Everest. Our competent team will handle aluminum cornices (soffits and fascias), walls and attics.<\/p>\n<p>Do not let a lack of ventilation damage your roof: call the professionals.[\/vc_column_text][mk_button dimension=&#8221;flat&#8221; size=&#8221;large&#8221; url=&#8221;tel:+14506990104&#8243; btn_hover_bg=&#8221;#585861&#8243; btn_hover_txt_color=&#8221;#ffffff&#8221;]450\u2011699\u20110104[\/mk_button][\/vc_column_inner][\/vc_row_inner][mk_padding_divider size=&#8221;150&#8243; visibility=&#8221;hidden-sm&#8221;][mk_padding_divider size=&#8221;60&#8243; visibility=&#8221;visible-sm&#8221;][\/vc_column][\/vc_row][mk_page_section bg_color=&#8221;#3a74b9&#8243; has_top_shape_divider=&#8221;true&#8221; top_shape_color=&#8221;#000000&#8243; top_shape_bg_color=&#8221;#3a74b9&#8243; has_bottom_shape_divider=&#8221;true&#8221; bottom_shape_color=&#8221;#000000&#8243; bottom_shape_bg_color=&#8221;#3a74b9&#8243; sidebar=&#8221;sidebar-1&#8243;][vc_column][mk_padding_divider size=&#8221;150&#8243; visibility=&#8221;hidden-sm&#8221;][mk_padding_divider size=&#8221;60&#8243; visibility=&#8221;visible-sm&#8221;][mk_fancy_title color=&#8221;#ffffff&#8221; size=&#8221;44&#8243; force_font_size=&#8221;true&#8221; size_phone=&#8221;30&#8243; margin_bottom=&#8221;0&#8243; font_family=&#8221;none&#8221; align=&#8221;center&#8221;]We\u2019ll custom-cover your roof with the material that best suits your needs.[\/mk_fancy_title][mk_padding_divider size=&#8221;60&#8243;][vc_row_inner][vc_column_inner width=&#8221;1\/6&#8243;][\/vc_column_inner][vc_column_inner width=&#8221;2\/3&#8243;][vc_column_text align=&#8221;center&#8221; css=&#8221;.vc_custom_1585152096922{margin-bottom: 0px !important;}&#8221;]The choice of coating depends on several factors: the shape of the roof, the location\u2019s weather, the weight, the budget, the desired durability, etc.<\/p>\n<p>Steel, elastomer or asphalt? Each has its advantages and technical characteristics.<\/p>\n<p><strong style=\"color: #fff;\">We never install anything without proper analysis!<\/strong><\/p>\n<p>Allow us to advise you on both the esthetic and technical aspects for your roof. Proper roofing and soffit (that which affects ventilation, insulation and protection against humidity and cold) are important choices that require expert advice.[\/vc_column_text][\/vc_column_inner][vc_column_inner width=&#8221;1\/6&#8243;][\/vc_column_inner][\/vc_row_inner][mk_padding_divider size=&#8221;150&#8243; visibility=&#8221;hidden-sm&#8221;][\/vc_column][\/mk_page_section][vc_row][vc_column][mk_padding_divider size=&#8221;60&#8243; visibility=&#8221;visible-sm&#8221;][mk_padding_divider size=&#8221;150&#8243; visibility=&#8221;hidden-sm&#8221;][vc_row_inner][vc_column_inner width=&#8221;1\/2&#8243;][mk_fancy_title color=&#8221;#ffffff&#8221; size=&#8221;44&#8243; force_font_size=&#8221;true&#8221; size_phone=&#8221;30&#8243; margin_bottom=&#8221;0&#8243; font_family=&#8221;none&#8221;]NEED AN EXPERT?[\/mk_fancy_title][mk_button dimension=&#8221;flat&#8221; size=&#8221;large&#8221; url=&#8221;tel:+14506990104&#8243; btn_hover_bg=&#8221;#585861&#8243; btn_hover_txt_color=&#8221;#ffffff&#8221;]450\u2011699\u20110104[\/mk_button][\/vc_column_inner][vc_column_inner width=&#8221;1\/2&#8243;][mk_fancy_title color=&#8221;#ffffff&#8221; size=&#8221;20&#8243; font_weight=&#8221;400&#8243; margin_top=&#8221;10&#8243; margin_bottom=&#8221;15&#8243; font_family=&#8221;none&#8221;]Contact the professionals at <span style=\"display: inline-block;\">Toitures Everest today<\/span>[\/mk_fancy_title][\/vc_column_inner][\/vc_row_inner][mk_padding_divider size=&#8221;150&#8243; visibility=&#8221;hidden-sm&#8221;][mk_padding_divider size=&#8221;60&#8243; visibility=&#8221;visible-sm&#8221;][\/vc_column][\/vc_row][vc_row fullwidth=&#8221;true&#8221;][vc_column][mk_divider style=&#8221;thin_solid&#8221; thin_single_color=&#8221;#3a74b9&#8243; thickness=&#8221;5&#8243; margin_top=&#8221;0&#8243; margin_bottom=&#8221;0&#8243;][\/vc_column][\/vc_row]\n<\/div>","protected":false},"excerpt":{"rendered":"<p>[mk_page_section bg_image=&#8221;http:\/\/toitureseverest.ca\/wp-content\/uploads\/travaux-de-revetement-min-scaled.jpg&#8221; bg_position=&#8221;center center&#8221; bg_repeat=&#8221;no-repeat&#8221; bg_stretch=&#8221;true&#8221; enable_3d=&#8221;true&#8221; video_opacity=&#8221;0&#8243; min_height=&#8221;580&#8243; js_vertical_centered=&#8221;true&#8221; sidebar=&#8221;sidebar-1&#8243;][vc_column width=&#8221;1\/2&#8243;][mk_padding_divider size=&#8221;250&#8243;][mk_fancy_title tag_name=&#8221;h1&#8243; color=&#8221;#ffffff&#8221; size=&#8221;44&#8243; force_font_size=&#8221;true&#8221; size_tablet=&#8221;36&#8243; size_phone=&#8221;30&#8243; font_weight=&#8221;bold&#8221; margin_bottom=&#8221;0&#8243; font_family=&#8221;none&#8221; drop_shadow=&#8221;true&#8221; shadow_angle=&#8221;0&#8243; shadow_distance=&#8221;0&#8243;]Siding Work of Any Kind near Ch\u00e2teauguay[\/mk_fancy_title][\/vc_column][vc_column width=&#8221;1\/6&#8243;][\/vc_column][vc_column width=&#8221;1\/3&#8243;][mk_padding_divider size=&#8221;30&#8243; visibility=&#8221;visible-sm&#8221;][mk_padding_divider size=&#8221;220&#8243; visibility=&#8221;hidden-sm&#8221;][\/vc_column][\/mk_page_section][vc_row][vc_column][mk_padding_divider size=&#8221;60&#8243; visibility=&#8221;visible-sm&#8221;][mk_padding_divider size=&#8221;150&#8243; visibility=&#8221;hidden-sm&#8221;][mk_fancy_title color=&#8221;#ffffff&#8221; size=&#8221;44&#8243; force_font_size=&#8221;true&#8221; size_phone=&#8221;30&#8243; margin_bottom=&#8221;0&#8243; font_family=&#8221;none&#8221; align=&#8221;center&#8221;]A Well-Maintained Roof, from the Cornices to the [&hellip;]<\/p>\n","protected":false},"author":2,"featured_media":0,"parent":0,"menu_order":0,"comment_status":"closed","ping_status":"closed","template":"","meta":{"footnotes":""},"class_list":["post-8128","page","type-page","status-publish","hentry"],"yoast_head":"<!-- This site is optimized with the Yoast SEO plugin v27.4 - https:\/\/yoast.com\/product\/yoast-seo-wordpress\/ -->\n<title>Attic Servicing Ch\u00e2teauguay | Siding Work | Toitures Everest<\/title>\n<meta name=\"description\" content=\"Toitures Everest in Mont\u00e9r\u00e9gie will do the maintenance on your siding, whether for your cornices, your walls or your attic. Contact us!\" \/>\n<meta name=\"robots\" content=\"index, follow, max-snippet:-1, max-image-preview:large, max-video-preview:-1\" \/>\n<link rel=\"canonical\" href=\"https:\/\/toitureseverest.ca\/en\/siding-work\/\" \/>\n<meta property=\"og:locale\" content=\"en_US\" \/>\n<meta property=\"og:type\" content=\"article\" \/>\n<meta property=\"og:title\" content=\"Attic Servicing Ch\u00e2teauguay | Siding Work | Toitures Everest\" \/>\n<meta property=\"og:description\" content=\"Toitures Everest in Mont\u00e9r\u00e9gie will do the maintenance on your siding, whether for your cornices, your walls or your attic. Contact us!\" \/>\n<meta property=\"og:url\" content=\"https:\/\/toitureseverest.ca\/en\/siding-work\/\" \/>\n<meta property=\"og:site_name\" content=\"Toitures Everest\" \/>\n<meta property=\"article:modified_time\" content=\"2023-04-24T14:49:21+00:00\" \/>\n<meta name=\"twitter:card\" content=\"summary_large_image\" \/>\n<meta name=\"twitter:label1\" content=\"Est. reading time\" \/>\n\t<meta name=\"twitter:data1\" content=\"2 minutes\" \/>\n<script type=\"application\/ld+json\" class=\"yoast-schema-graph\">{\"@context\":\"https:\\\/\\\/schema.org\",\"@graph\":[{\"@type\":\"WebPage\",\"@id\":\"https:\\\/\\\/toitureseverest.ca\\\/en\\\/siding-work\\\/\",\"url\":\"https:\\\/\\\/toitureseverest.ca\\\/en\\\/siding-work\\\/\",\"name\":\"Attic Servicing Ch\u00e2teauguay | Siding Work | Toitures Everest\",\"isPartOf\":{\"@id\":\"https:\\\/\\\/toitureseverest.ca\\\/#website\"},\"datePublished\":\"2020-03-12T13:42:54+00:00\",\"dateModified\":\"2023-04-24T14:49:21+00:00\",\"description\":\"Toitures Everest in Mont\u00e9r\u00e9gie will do the maintenance on your siding, whether for your cornices, your walls or your attic. Contact us!\",\"breadcrumb\":{\"@id\":\"https:\\\/\\\/toitureseverest.ca\\\/en\\\/siding-work\\\/#breadcrumb\"},\"inLanguage\":\"en-CA\",\"potentialAction\":[{\"@type\":\"ReadAction\",\"target\":[\"https:\\\/\\\/toitureseverest.ca\\\/en\\\/siding-work\\\/\"]}]},{\"@type\":\"BreadcrumbList\",\"@id\":\"https:\\\/\\\/toitureseverest.ca\\\/en\\\/siding-work\\\/#breadcrumb\",\"itemListElement\":[{\"@type\":\"ListItem\",\"position\":1,\"name\":\"Home\",\"item\":\"https:\\\/\\\/toitureseverest.ca\\\/en\\\/\"},{\"@type\":\"ListItem\",\"position\":2,\"name\":\"Siding Work\"}]},{\"@type\":\"WebSite\",\"@id\":\"https:\\\/\\\/toitureseverest.ca\\\/#website\",\"url\":\"https:\\\/\\\/toitureseverest.ca\\\/\",\"name\":\"Toitures Everest\",\"description\":\"\",\"potentialAction\":[{\"@type\":\"SearchAction\",\"target\":{\"@type\":\"EntryPoint\",\"urlTemplate\":\"https:\\\/\\\/toitureseverest.ca\\\/?s={search_term_string}\"},\"query-input\":{\"@type\":\"PropertyValueSpecification\",\"valueRequired\":true,\"valueName\":\"search_term_string\"}}],\"inLanguage\":\"en-CA\"}]}<\/script>\n<!-- \/ Yoast SEO plugin. -->","yoast_head_json":{"title":"Attic Servicing Ch\u00e2teauguay | Siding Work | Toitures Everest","description":"Toitures Everest in Mont\u00e9r\u00e9gie will do the maintenance on your siding, whether for your cornices, your walls or your attic. Contact us!","robots":{"index":"index","follow":"follow","max-snippet":"max-snippet:-1","max-image-preview":"max-image-preview:large","max-video-preview":"max-video-preview:-1"},"canonical":"https:\/\/toitureseverest.ca\/en\/siding-work\/","og_locale":"en_US","og_type":"article","og_title":"Attic Servicing Ch\u00e2teauguay | Siding Work | Toitures Everest","og_description":"Toitures Everest in Mont\u00e9r\u00e9gie will do the maintenance on your siding, whether for your cornices, your walls or your attic. Contact us!","og_url":"https:\/\/toitureseverest.ca\/en\/siding-work\/","og_site_name":"Toitures Everest","article_modified_time":"2023-04-24T14:49:21+00:00","twitter_card":"summary_large_image","twitter_misc":{"Est. reading time":"2 minutes"},"schema":{"@context":"https:\/\/schema.org","@graph":[{"@type":"WebPage","@id":"https:\/\/toitureseverest.ca\/en\/siding-work\/","url":"https:\/\/toitureseverest.ca\/en\/siding-work\/","name":"Attic Servicing Ch\u00e2teauguay | Siding Work | Toitures Everest","isPartOf":{"@id":"https:\/\/toitureseverest.ca\/#website"},"datePublished":"2020-03-12T13:42:54+00:00","dateModified":"2023-04-24T14:49:21+00:00","description":"Toitures Everest in Mont\u00e9r\u00e9gie will do the maintenance on your siding, whether for your cornices, your walls or your attic. Contact us!","breadcrumb":{"@id":"https:\/\/toitureseverest.ca\/en\/siding-work\/#breadcrumb"},"inLanguage":"en-CA","potentialAction":[{"@type":"ReadAction","target":["https:\/\/toitureseverest.ca\/en\/siding-work\/"]}]},{"@type":"BreadcrumbList","@id":"https:\/\/toitureseverest.ca\/en\/siding-work\/#breadcrumb","itemListElement":[{"@type":"ListItem","position":1,"name":"Home","item":"https:\/\/toitureseverest.ca\/en\/"},{"@type":"ListItem","position":2,"name":"Siding Work"}]},{"@type":"WebSite","@id":"https:\/\/toitureseverest.ca\/#website","url":"https:\/\/toitureseverest.ca\/","name":"Toitures Everest","description":"","potentialAction":[{"@type":"SearchAction","target":{"@type":"EntryPoint","urlTemplate":"https:\/\/toitureseverest.ca\/?s={search_term_string}"},"query-input":{"@type":"PropertyValueSpecification","valueRequired":true,"valueName":"search_term_string"}}],"inLanguage":"en-CA"}]}},"_links":{"self":[{"href":"https:\/\/toitureseverest.ca\/en\/wp-json\/wp\/v2\/pages\/8128","targetHints":{"allow":["GET"]}}],"collection":[{"href":"https:\/\/toitureseverest.ca\/en\/wp-json\/wp\/v2\/pages"}],"about":[{"href":"https:\/\/toitureseverest.ca\/en\/wp-json\/wp\/v2\/types\/page"}],"author":[{"embeddable":true,"href":"https:\/\/toitureseverest.ca\/en\/wp-json\/wp\/v2\/users\/2"}],"replies":[{"embeddable":true,"href":"https:\/\/toitureseverest.ca\/en\/wp-json\/wp\/v2\/comments?post=8128"}],"version-history":[{"count":5,"href":"https:\/\/toitureseverest.ca\/en\/wp-json\/wp\/v2\/pages\/8128\/revisions"}],"predecessor-version":[{"id":8726,"href":"https:\/\/toitureseverest.ca\/en\/wp-json\/wp\/v2\/pages\/8128\/revisions\/8726"}],"wp:attachment":[{"href":"https:\/\/toitureseverest.ca\/en\/wp-json\/wp\/v2\/media?parent=8128"}],"curies":[{"name":"wp","href":"https:\/\/api.w.org\/{rel}","templated":true}]}}